{"id":890,"date":"2016-05-20T23:54:34","date_gmt":"2016-05-21T02:54:34","guid":{"rendered":"http:\/\/bateriasaliant.com.br\/kn\/site\/?page_id=890"},"modified":"2024-12-17T10:49:09","modified_gmt":"2024-12-17T13:49:09","slug":"a-empresa","status":"publish","type":"page","link":"https:\/\/fwperformance.com.br\/kn\/a-empresa\/","title":{"rendered":"A EMPRESA"},"content":{"rendered":"\n\n<div id=\"wk-grid2b2\" class=\"uk-grid-width-1-1 uk-grid-width-medium-1-3 uk-grid uk-grid-match uk-grid-collapse \" data-uk-grid-match=\"{target:'> div > .uk-panel', row:true}\" data-uk-grid-margin  data-uk-scrollspy=\"{cls:'uk-animation-scale-up uk-invisible', target:'> div > .uk-panel', delay:300}\">\n\n    \n    <div>\n    \n<div class=\"uk-panel uk-invisible\">\n\n    <figure class=\"uk-overlay uk-overlay-hover \">\n\n        <img loading=\"lazy\" decoding=\"async\" src=\"\/kn\/wp-content\/uploads\/kn-quem-historia-001.jpg\" class=\"uk-overlay-scale\" alt=\"Ken, Dale e Norm\" width=\"1280\" height=\"960\">\n        <div class=\"uk-overlay-panel uk-overlay-bottom uk-overlay-background uk-overlay-fade\">\n\n            \n                                <h3 class=\"uk-h4 uk-margin-bottom-remove\">Ken, Dale e Norm<\/h3>\n                \n                \n            \n        <\/div>\n\n                                                        <a class=\"uk-position-cover\" href=\"\/kn\/wp-content\/uploads\/kn-quem-historia-001.jpg\" data-lightbox-type=\"image\" data-uk-lightbox=\"{group:'.wk-12b2'}\" ><\/a>\n                                    \n    <\/figure>\n\n<\/div>\n    <\/div>\n\n        \n    <div>\n    \n<div class=\"uk-panel uk-invisible\">\n\n    <figure class=\"uk-overlay uk-overlay-hover \">\n\n        <img loading=\"lazy\" decoding=\"async\" src=\"\/kn\/wp-content\/uploads\/kn-quem-historia-002.jpg\" class=\"uk-overlay-scale\" alt=\"Norm McDonald\" width=\"1280\" height=\"960\">\n        <div class=\"uk-overlay-panel uk-overlay-bottom uk-overlay-background uk-overlay-fade\">\n\n            \n                                <h3 class=\"uk-h4 uk-margin-bottom-remove\">Norm McDonald<\/h3>\n                \n                \n            \n        <\/div>\n\n                                                        <a class=\"uk-position-cover\" href=\"\/kn\/wp-content\/uploads\/kn-quem-historia-002.jpg\" data-lightbox-type=\"image\" data-uk-lightbox=\"{group:'.wk-12b2'}\" ><\/a>\n                                    \n    <\/figure>\n\n<\/div>\n    <\/div>\n\n        \n    <div>\n    \n<div class=\"uk-panel uk-invisible\">\n\n    <figure class=\"uk-overlay uk-overlay-hover \">\n\n        <img loading=\"lazy\" decoding=\"async\" src=\"\/kn\/wp-content\/uploads\/kn-quem-historia-003.jpg\" class=\"uk-overlay-scale\" alt=\"Primeira Sede\" width=\"1280\" height=\"960\">\n        <div class=\"uk-overlay-panel uk-overlay-bottom uk-overlay-background uk-overlay-fade\">\n\n            \n                                <h3 class=\"uk-h4 uk-margin-bottom-remove\">Primeira Sede<\/h3>\n                \n                \n            \n        <\/div>\n\n                                                        <a class=\"uk-position-cover\" href=\"\/kn\/wp-content\/uploads\/kn-quem-historia-003.jpg\" data-lightbox-type=\"image\" data-uk-lightbox=\"{group:'.wk-12b2'}\" ><\/a>\n                                    \n    <\/figure>\n\n<\/div>\n    <\/div>\n\n    \n<\/div>\n\n\n<script>\n    (function($){\n        \/\/ get the images of the gallery and replace it by a canvas of the same size to fix the problem with overlapping images on load.\n        $('.uk-overlay > img:first', $('#wk-grid2b2')).each(function() {\n\n            var $img = $(this),\n                $canvas = $('<canvas class=\"uk-responsive-width\"><\/canvas>').attr({width:$img.attr('width'), height:$img.attr('height')}),\n                img = new Image;\n\n            $img.css('display', 'none').after($canvas);\n\n            img.onload = function(){\n                $canvas.remove();\n                $img.css('display', '');\n            };\n\n            img.src = this.src;\n        });\n\n    })(jQuery);\n<\/script>\n\n\n\n<div id=\"wk-gridf72\" class=\"uk-grid-width-1-1 uk-grid-width-medium-1-3 uk-grid uk-grid-match uk-grid-collapse uk-text-left \" data-uk-grid-match=\"{target:'> div > .uk-panel', row:true}\" data-uk-grid-margin >\n\n\n    <div>\n        <div class=\"uk-panel uk-panel-box\">\n\n            \n            \n            \n            \n                        <h3 class=\"uk-panel-title\">\n\n                                    Hist\u00f3ria                \n                \n            <\/h3>\n            \n            \n            \n                        <div class=\"uk-margin\"><p>Fundada por Ken Johnson e Norm McDonald oficialmente em 1969. Eles foram os inventores e l\u00edderes em inova\u00e7\u00e3o da tecnologia de filtros de algod\u00e3o para autom\u00f3veis, motocicletas e aplica\u00e7\u00f5es mar\u00edtimas.<\/p>\n<\/div>\n            \n            \n            \n            \n        <\/div>\n    <\/div>\n\n\n    <div>\n        <div class=\"uk-panel uk-panel-box uk-panel-box-secondary\">\n\n            \n            \n            \n            \n                        <h3 class=\"uk-panel-title\">\n\n                                    Problema\u2026                \n                \n            <\/h3>\n            \n            \n            \n                        <div class=\"uk-margin\"><p>Ken e Norm eram \u00e1vidos pilotos de motocicleta e iniciaram testes com diferentes tipos de filtro de ar para lidar com suas frustra\u00e7\u00f5es com a tecnologia de filtros de ar da \u00e9poca. A sujeira entupia os filtros de papel bloqueando o fluxo de ar at\u00e9 o carburador, sendo quase imposs\u00edvel limpar e por isso precisavam ser descartados ap\u00f3s cada corrida.<\/p>\n<\/div>\n            \n            \n            \n            \n        <\/div>\n    <\/div>\n\n\n    <div>\n        <div class=\"uk-panel uk-panel-box\">\n\n            \n            \n            \n            \n                        <h3 class=\"uk-panel-title\">\n\n                                    Solu\u00e7\u00e3o!                \n                \n            <\/h3>\n            \n            \n            \n                        <div class=\"uk-margin\"><p>\nA melhor solu\u00e7\u00e3o que encontraram consistia num filtro formado por camadas de algod\u00e3o presas por uma malha de fios de alum\u00ednio.\n<\/p>\n<p>\nDiferente dos filtros de papel, eles molharam o filtro com \u00f3leo, de modo que as part\u00edculas de sujeira fossem retidas. Essa nova tecnologia permitiu que o ar passasse pela malha enquanto as part\u00edculas de sujeira, que poderiam danificar os motores, eram capturadas.<\/p>\n<\/div>\n            \n            \n            \n            \n        <\/div>\n    <\/div>\n\n\n<\/div>\n\n<script>\n    (function($){\n        \/\/ get the images of the grid and replace it by a canvas of the same size to fix the problem with overlapping images on load.\n        $('img:first', $('#wk-gridf72')).each(function() {\n            var $img = $(this),\n                $canvas = $('<canvas class=\"uk-responsive-width\"><\/canvas>').attr({width:$img.attr('width'), height:$img.attr('height')}),\n                img = new Image;\n\n            $img.css('display', 'none').after($canvas);\n\n            img.onload = function(){\n                $canvas.remove();\n                $img.css('display', '');\n            };\n\n            img.src = this.src;\n        });\n\n    })(jQuery);\n<\/script>\n\n<hr \/>\n<h2>K&#038;N HOJE<\/h2>\n<p><img loading=\"lazy\" decoding=\"async\" src=\"http:\/\/bateriasaliant.com.br\/kn\/site\/wp-content\/uploads\/kn-header-quem-somos-2.jpg\" alt=\"kn-header-quem-somos-2\" width=\"1280\" height=\"480\" class=\"aligncenter size-full wp-image-902\" srcset=\"https:\/\/fwperformance.com.br\/kn\/wp-content\/uploads\/kn-header-quem-somos-2.jpg 1280w, https:\/\/fwperformance.com.br\/kn\/wp-content\/uploads\/kn-header-quem-somos-2-768x288.jpg 768w\" sizes=\"auto, (max-width: 1280px) 100vw, 1280px\" \/><\/p>\n\n<div >\n\n\n    \n    <div class=\"uk-grid uk-text-left uk-flex-middle\" data-uk-grid-match data-uk-margin=\"{cls:'uk-margin-top'}\">\n\n                <div class=\"uk-width-medium-1-2 uk-text-center uk-float-right uk-flex-order-last-medium\" >\n            <img decoding=\"async\" src=\"\/kn\/wp-content\/uploads\/kn-quem-somos-hoje.jpg\" class=\" uk-overlay-scale\" alt=\"Kn Quem Somos Hoje\">        <\/div>\n        \n                <div class=\"uk-width-medium-1-2\" >\n            <div class=\"uk-panel uk-panel-space uk-width-1-1\">\n\n                \n                \n                                <div class=\"uk-margin\"><ul class=\"uk-list\">\n<li><i class=\"uk-icon-arrow-circle-right\"><\/i> Fabricante mundial de filtros de ar de algod\u00e3o com capacidade maior que todos os outros juntos;<\/li>\n<li><i class=\"uk-icon-arrow-circle-right\"><\/i> Vendas e distribui\u00e7\u00e3o K&#038;N em 120 pa\u00edses;<\/li>\n<li><i class=\"uk-icon-arrow-circle-right\"><\/i> Mais de 6 milh\u00f5es de unidades vendidas por ano.<\/li>\n<\/ul>\n<p>A K&#038;N Engineering, de Riverside, Calif\u00f3rnia, EUA \u00e9 a criadora e l\u00edder da tecnologia de filtros de algod\u00e3o reutiliz\u00e1veis para aplica\u00e7\u00f5es em autom\u00f3veis e motocicletas. Hoje, a K&#038;N \u00e9 l\u00edder em vendas de filtros de alto desempenho e mant\u00e9m um estoque de mais de 3.500 PN\u00b4s, incluindo uma extensa linha de filtros de ar para substitui\u00e7\u00e3o, sistemas de entrada de ar e uma linha de filtros de \u00f3leo premium.<\/p>\n<\/div>\n                \n                \n                \n            <\/div>\n        <\/div>\n        \n    <\/div>\n\n    \n\n<\/div>\n\n<hr \/>\n<style>.embed-container { position: relative; padding-bottom: 56.25%; height: 0; overflow: hidden; max-width: 100%; } .embed-container iframe, .embed-container object, .embed-container embed { position: absolute; top: 0; left: 0; width: 100%; height: 100%; }<\/style>\n<div class='embed-container'><iframe src='https:\/\/www.youtube.com\/embed\/2zIsY0KlHYI' frameborder='0' allowfullscreen><\/iframe><\/div>\n","protected":false},"excerpt":{"rendered":"<p>K&#038;N HOJE<\/p>\n","protected":false},"author":1,"featured_media":0,"parent":0,"menu_order":0,"comment_status":"closed","ping_status":"closed","template":"","meta":{"_joinchat":[],"footnotes":""},"class_list":["post-890","page","type-page","status-publish","hentry"],"_links":{"self":[{"href":"https:\/\/fwperformance.com.br\/kn\/wp-json\/wp\/v2\/pages\/890","targetHints":{"allow":["GET"]}}],"collection":[{"href":"https:\/\/fwperformance.com.br\/kn\/wp-json\/wp\/v2\/pages"}],"about":[{"href":"https:\/\/fwperformance.com.br\/kn\/wp-json\/wp\/v2\/types\/page"}],"author":[{"embeddable":true,"href":"https:\/\/fwperformance.com.br\/kn\/wp-json\/wp\/v2\/users\/1"}],"replies":[{"embeddable":true,"href":"https:\/\/fwperformance.com.br\/kn\/wp-json\/wp\/v2\/comments?post=890"}],"version-history":[{"count":17,"href":"https:\/\/fwperformance.com.br\/kn\/wp-json\/wp\/v2\/pages\/890\/revisions"}],"predecessor-version":[{"id":1250,"href":"https:\/\/fwperformance.com.br\/kn\/wp-json\/wp\/v2\/pages\/890\/revisions\/1250"}],"wp:attachment":[{"href":"https:\/\/fwperformance.com.br\/kn\/wp-json\/wp\/v2\/media?parent=890"}],"curies":[{"name":"wp","href":"https:\/\/api.w.org\/{rel}","templated":true}]}}