{"id":927,"date":"2016-05-23T16:09:51","date_gmt":"2016-05-23T19:09:51","guid":{"rendered":"http:\/\/bateriasaliant.com.br\/kn\/site\/?page_id=927"},"modified":"2022-08-19T17:34:23","modified_gmt":"2022-08-19T20:34:23","slug":"produtos","status":"publish","type":"page","link":"https:\/\/fwperformance.com.br\/kn\/produtos\/","title":{"rendered":"PRODUTOS"},"content":{"rendered":"\n<div data-uk-slideshow=\"{autoplay: true ,autoplayInterval: 5000,kenburns: '15s'}\">\n\n    <div class=\"uk-position-relative\">\n\n        <ul class=\"uk-slideshow\">\n        \n            <li style=\"min-height: 300px;\">\n\n                \n                    <img decoding=\"async\" src=\"\/kn\/wp-content\/uploads\/kn-header-produtos.jpg\" alt=\"002\">\n                    \n                    \n                \n            <\/li>\n\n        \n            <li style=\"min-height: 300px;\">\n\n                \n                    <img decoding=\"async\" src=\"\/kn\/wp-content\/uploads\/kn-header-produtos-1.jpg\" alt=\"003\">\n                    \n                    \n                \n            <\/li>\n\n                <\/ul>\n\n        \n                <div class=\"uk-overlay-panel uk-overlay-bottom\">\n            \n<ul class=\"uk-dotnav uk-dotnav-contrast uk-flex-right\">\n    <li data-uk-slideshow-item=\"0\"><a href=\"#\">002<\/a><\/li>\n    <li data-uk-slideshow-item=\"1\"><a href=\"#\">003<\/a><\/li>\n<\/ul>        <\/div>\n        \n    <\/div>\n\n    \n<\/div>\n\n<p><a class=\"uk-button uk-button-primary uk-button-large uk-width-1-1\" href=\"https:\/\/loja.mercadolivre.com.br\/kn\" rel=\"noopener\" target=\"_blank\">LOJA OFICIAL &#8211; COMPRE AQUI<\/a><\/p>\n<h3 class=\"uk-text-center\">SELECIONE A OP\u00c7\u00c3O DESEJADA:<\/h3>\n\n\n<div id=\"wk-grid627\" class=\"uk-grid-width-1-1 uk-grid-width-medium-1-3 uk-grid-width-large-1-3 uk-grid-width-xlarge-1-3 uk-grid uk-grid-match uk-text-center tm-panel-box-header\" data-uk-grid-match=\"{target:'> div > .uk-panel', row:true}\" data-uk-grid-margin  data-uk-scrollspy=\"{cls:'uk-animation-slide-bottom uk-invisible', target:'> div > .uk-panel', delay:300}\">\n\n\n    <div>\n        <div class=\"uk-panel uk-panel-box uk-panel-box-hover uk-overlay-hover uk-invisible\">\n\n                        <a class=\"uk-position-cover uk-position-z-index\" href=\"http:\/\/fwperformance.com.br\/kn\/produtos\/filtros-de-ar-plug-play\/\"><\/a>\n            \n            \n                        <div class=\"uk-text-center uk-panel-teaser\"><div class=\"uk-overlay \"><img loading=\"lazy\" decoding=\"async\" src=\"\/kn\/wp-content\/uploads\/kn-home-produtos-001-2024.jpg\" class=\" uk-overlay-scale\" alt=\"FILTROS DE AR PLUG &amp; PLAY\" width=\"960\" height=\"640\"><\/div><\/div>\n            \n            \n                        <h3 class=\"uk-panel-title\">\n\n                                    <a class=\"uk-link-reset\" href=\"http:\/\/fwperformance.com.br\/kn\/produtos\/filtros-de-ar-plug-play\/\">FILTROS DE AR <br \/><small>PLUG & PLAY<\/small><\/a>\n                \n                \n            <\/h3>\n            \n            \n            \n                        <div class=\"uk-margin\"><p>O Filtro de Ar de Alto Fluxo Original para o Mercado Automotivo de Reposi\u00e7\u00e3o.<\/p>\n<\/div>\n            \n            \n            \n            \n        <\/div>\n    <\/div>\n\n\n    <div>\n        <div class=\"uk-panel uk-panel-box uk-panel-box-hover uk-overlay-hover uk-invisible\">\n\n                        <a class=\"uk-position-cover uk-position-z-index\" href=\"http:\/\/fwperformance.com.br\/kn\/produtos\/filtros-de-oleo-premium\/\"><\/a>\n            \n            \n                        <div class=\"uk-text-center uk-panel-teaser\"><div class=\"uk-overlay \"><img loading=\"lazy\" decoding=\"async\" src=\"\/kn\/wp-content\/uploads\/kn-home-produtos-002-2024.jpg\" class=\" uk-overlay-scale\" alt=\"FILTROS DE \u00d3LEOPREMIUM\" width=\"960\" height=\"640\"><\/div><\/div>\n            \n            \n                        <h3 class=\"uk-panel-title\">\n\n                                    <a class=\"uk-link-reset\" href=\"http:\/\/fwperformance.com.br\/kn\/produtos\/filtros-de-oleo-premium\/\">FILTROS DE \u00d3LEO<br \/><small>PREMIUM<\/small><\/a>\n                \n                \n            <\/h3>\n            \n            \n            \n                        <div class=\"uk-margin\"><p>Constru\u00e7\u00e3o de Alta Resist\u00eancia para Condi\u00e7\u00f5es Extremas.<\/p>\n<\/div>\n            \n            \n            \n            \n        <\/div>\n    <\/div>\n\n\n    <div>\n        <div class=\"uk-panel uk-panel-box uk-panel-box-hover uk-overlay-hover uk-invisible\">\n\n                        <a class=\"uk-position-cover uk-position-z-index\" href=\"http:\/\/fwperformance.com.br\/kn\/produtos\/kits-de-admissao-para-alto-desempenho\/\"><\/a>\n            \n            \n                        <div class=\"uk-text-center uk-panel-teaser\"><div class=\"uk-overlay \"><img loading=\"lazy\" decoding=\"async\" src=\"\/kn\/wp-content\/uploads\/kn-home-produtos-003-2024.jpg\" class=\" uk-overlay-scale\" alt=\"KITS DE ADMISS\u00c3OPARA ALTO DESEMPENHO\" width=\"960\" height=\"640\"><\/div><\/div>\n            \n            \n                        <h3 class=\"uk-panel-title\">\n\n                                    <a class=\"uk-link-reset\" href=\"http:\/\/fwperformance.com.br\/kn\/produtos\/kits-de-admissao-para-alto-desempenho\/\">KITS DE ADMISS\u00c3O<br \/><div class=\"uk-hidden-medium\"><small>PARA ALTO DESEMPENHO<\/small><\/div><\/a>\n                \n                \n            <\/h3>\n            \n            \n            \n                        <div class=\"uk-margin\"><p>Projetado para permitir um fluxo de ar praticamente sem restri\u00e7\u00f5es, para um maior desempenho.<\/p>\n<\/div>\n            \n            \n            \n            \n        <\/div>\n    <\/div>\n\n\n<\/div>\n\n<script>\n    (function($){\n        \/\/ get the images of the grid and replace it by a canvas of the same size to fix the problem with overlapping images on load.\n        $('img:first', $('#wk-grid627')).each(function() {\n            var $img = $(this),\n                $canvas = $('<canvas class=\"uk-responsive-width\"><\/canvas>').attr({width:$img.attr('width'), height:$img.attr('height')}),\n                img = new Image;\n\n            $img.css('display', 'none').after($canvas);\n\n            img.onload = function(){\n                $canvas.remove();\n                $img.css('display', '');\n            };\n\n            img.src = this.src;\n        });\n\n    })(jQuery);\n<\/script>\n\n","protected":false},"excerpt":{"rendered":"<p>LOJA OFICIAL &#8211; COMPRE AQUI SELECIONE A OP\u00c7\u00c3O DESEJADA:<\/p>\n","protected":false},"author":1,"featured_media":0,"parent":0,"menu_order":0,"comment_status":"closed","ping_status":"closed","template":"","meta":{"_joinchat":[],"footnotes":""},"class_list":["post-927","page","type-page","status-publish","hentry"],"_links":{"self":[{"href":"https:\/\/fwperformance.com.br\/kn\/wp-json\/wp\/v2\/pages\/927","targetHints":{"allow":["GET"]}}],"collection":[{"href":"https:\/\/fwperformance.com.br\/kn\/wp-json\/wp\/v2\/pages"}],"about":[{"href":"https:\/\/fwperformance.com.br\/kn\/wp-json\/wp\/v2\/types\/page"}],"author":[{"embeddable":true,"href":"https:\/\/fwperformance.com.br\/kn\/wp-json\/wp\/v2\/users\/1"}],"replies":[{"embeddable":true,"href":"https:\/\/fwperformance.com.br\/kn\/wp-json\/wp\/v2\/comments?post=927"}],"version-history":[{"count":11,"href":"https:\/\/fwperformance.com.br\/kn\/wp-json\/wp\/v2\/pages\/927\/revisions"}],"predecessor-version":[{"id":1227,"href":"https:\/\/fwperformance.com.br\/kn\/wp-json\/wp\/v2\/pages\/927\/revisions\/1227"}],"wp:attachment":[{"href":"https:\/\/fwperformance.com.br\/kn\/wp-json\/wp\/v2\/media?parent=927"}],"curies":[{"name":"wp","href":"https:\/\/api.w.org\/{rel}","templated":true}]}}