{"id":940,"date":"2016-05-23T16:35:57","date_gmt":"2016-05-23T19:35:57","guid":{"rendered":"http:\/\/bateriasaliant.com.br\/kn\/site\/?page_id=940"},"modified":"2018-03-20T17:23:33","modified_gmt":"2018-03-20T20:23:33","slug":"filtros-de-ar-plug-play","status":"publish","type":"page","link":"https:\/\/fwperformance.com.br\/kn\/produtos\/filtros-de-ar-plug-play\/","title":{"rendered":"FILTROS DE AR PLUG &#038; PLAY"},"content":{"rendered":"\n<div  data-uk-scrollspy=\"{target:'> div > [data-uk-scrollspy-cls]', delay:300}\">\n\n\n    \n    <div class=\"uk-grid uk-text-left uk-flex-middle\" data-uk-grid-match data-uk-margin=\"{cls:'uk-margin-top'}\">\n\n                <div class=\"uk-width-medium-1-2 uk-text-center uk-invisible\"  data-uk-scrollspy-cls=\"uk-animation-slide-left uk-invisible\">\n            <img decoding=\"async\" src=\"\/kn\/wp-content\/uploads\/kn-produtos-filtro-ar-2024.jpg\" class=\" uk-overlay-scale\" alt=\"LINHA 1\">        <\/div>\n        \n                <div class=\"uk-width-medium-1-2 uk-invisible\"  data-uk-scrollspy-cls=\"uk-animation-fade uk-invisible\">\n            <div class=\"uk-panel uk-panel-space uk-width-1-1\">\n\n                \n                \n                                <div class=\"uk-margin\"><ul class=\"uk-list\">\n<li><i class=\"uk-icon-arrow-circle-right\"><\/i> Fluxo de Ar Elevado com Excelente Filtra\u00e7\u00e3o<\/li>\n<li><i class=\"uk-icon-arrow-circle-right\"><\/i> Projetado para Aumentar a Pot\u00eancia e a Acelera\u00e7\u00e3o<\/li>\n<li><i class=\"uk-icon-arrow-circle-right\"><\/i> Lav\u00e1vel e Reutiliz\u00e1vel<\/li>\n<li><i class=\"uk-icon-arrow-circle-right\"><\/i> Dura at\u00e9 80.000 km (50.000 milhas) antes de ser necess\u00e1ria limpeza, dependendo das condi\u00e7\u00f5es de condu\u00e7\u00e3o. Ainda assim, indicamos a checagem entre 10 e 15 mil km rodados, para melhor durabilidade e desempenho<\/li>\n<li><i class=\"uk-icon-arrow-circle-right\"><\/i> Garantia de 1 milh\u00e3o de milhas<\/li>\n<li><i class=\"uk-icon-arrow-circle-right\"><\/i> Econ\u00f4mico, um Filtro de Ar K&#038;N Ir\u00e1 Durar por Toda a Vida do Seu Autom\u00f3vel, Motocicleta ou quadriciclo<\/li>\n<li><i class=\"uk-icon-arrow-circle-right\"><\/i> Ecologicamente correto<\/li>\n<\/ul>\n<\/div>\n                \n                \n                \n            <\/div>\n        <\/div>\n        \n    <\/div>\n\n    \n\n<\/div>\n\n<div class=\"uk-panel uk-panel-box uk-panel-box-secondary uk-margin-large-bottom\">\n<p><strong>O FILTRO DE AR DE ALTO FLUXO ORIGINAL PARA O MERCADO AUTOMOTIVO DE REPOSI\u00c7\u00c3O<\/strong><\/p>\n<p>A K&#038;N desenvolve, fabrica e melhora filtros de ar de alto fluxo desde 1969. Somos uma empresa global que projetou e fabricou mais de 2400 filtros de ar de alto fluxo diferentes que se ajustam \u00e0 maioria dos ve\u00edculos de passageiros, motocicletas e quadriciclos. Dispomos n\u00e3o s\u00f3 de mais aplica\u00e7\u00f5es para ve\u00edculos do que qualquer outro fabricante de produtos semelhantes, mas tamb\u00e9m criamos a categoria de alto fluxo e a tecnologia de alto fluxo que a sustenta.<\/p>\n<p><strong>FILTRA\u00c7\u00c3O E PROTE\u00c7\u00c3O DO MOTOR<\/strong><\/p>\n<p>Os filtros de ar da K&#038;N s\u00e3o projetados para obter um fluxo de ar elevado, praticamente sem restri\u00e7\u00f5es, mantendo os n\u00edveis de filtra\u00e7\u00e3o para garantir uma longa vida do motor. Nossos filtros de ar de substitui\u00e7\u00e3o para autom\u00f3vel normalmente acrescentam de 1 a 4 cavalos de pot\u00eancia. Nosso filtro de ar de algod\u00e3o e alto fluxo \u00e9 lav\u00e1vel, reutiliz\u00e1vel e foi constru\u00eddo para durar a vida de um motor de autom\u00f3vel ou motocicleta. Os filtros de ar da K&#038;N s\u00e3o constitu\u00eddos de quatro a seis folhas de algod\u00e3o, estendidas entre duas folhas de malha de alum\u00ednio. Esse material \u00e9 pregueado e lubrificado para aumentar suas capacidades de filtra\u00e7\u00e3o e desempenho global. O resultado \u00e9 um filtro de ar que permite a entrada de uma quantidade muito maior de ar para o motor, \u00e9 lav\u00e1vel e reutiliz\u00e1vel e ir\u00e1 proteger seu motor durante toda a vida do seu ve\u00edculo.<\/p>\n<\/div>\n\n<div  data-uk-scrollspy=\"{target:'> div > [data-uk-scrollspy-cls]', delay:300}\">\n\n\n    \n    <div class=\"uk-grid uk-text-left uk-flex-middle\" data-uk-grid-match data-uk-margin=\"{cls:'uk-margin-top'}\">\n\n                <div class=\"uk-width-medium-1-2 uk-text-center uk-float-right uk-flex-order-last-medium uk-invisible\"  data-uk-scrollspy-cls=\"uk-animation-slide-right uk-invisible\">\n            <img decoding=\"async\" src=\"\/kn\/wp-content\/uploads\/kn-produtos-filtro-ar-1.jpg\" class=\" uk-overlay-scale\" alt=\"LINHA 2\">        <\/div>\n        \n                <div class=\"uk-width-medium-1-2 uk-invisible\"  data-uk-scrollspy-cls=\"uk-animation-slide-left uk-invisible\">\n            <div class=\"uk-panel uk-panel-space uk-width-1-1\">\n\n                \n                \n                                <div class=\"uk-margin\"><h3>COMPOSI\u00c7\u00c3O DO FILTRO:<\/h3>\n<ul class=\"uk-list\">\n<li><i class=\"uk-icon-arrow-circle-right\"><\/i> Algod\u00e3o<\/li>\n<li><i class=\"uk-icon-arrow-circle-right\"><\/i> De quatro a seis camadas de algod\u00e3o prensadas entre duas telas de arame de alum\u00ednio revestidas<\/li>\n<li><i class=\"uk-icon-arrow-circle-right\"><\/i> Algod\u00e3o tratado com um grau especial de \u00f3leo K&#038;N causando ader\u00eancia ao longo dos microsc\u00f3picos fios de algod\u00e3o<\/li>\n<\/ul>\n<p>O Algod\u00e3o especial permite que um grande volume de ar passe atrav\u00e9s do filtro, e, combinado com a ader\u00eancia do \u00f3leo, cria-se um meio poderoso de filtragem que garante a prote\u00e7\u00e3o do motor. <\/p>\n<\/div>\n                \n                \n                \n            <\/div>\n        <\/div>\n        \n    <\/div>\n\n    \n\n<\/div>\n\n<hr \/>\n<p><a href=\"http:\/\/fwperformance.com.br\/kn\/wp-content\/uploads\/catalogo-filtro-ar-plug-play.pdf\" class=\"uk-button uk-button-large uk-button-primary\" target=\"_blank\"><i class=\"uk-icon-file-pdf-o\"><\/i> CONFIRA O CAT\u00c1LOGO<\/a><\/p>\n","protected":false},"excerpt":{"rendered":"<p>O FILTRO DE AR DE ALTO FLUXO ORIGINAL PARA O MERCADO AUTOMOTIVO DE REPOSI\u00c7\u00c3O A K&#038;N desenvolve, fabrica e melhora filtros de ar de alto fluxo desde 1969. Somos uma empresa global que projetou e fabricou mais de 2400 filtros de ar de alto fluxo diferentes que se ajustam \u00e0 maioria dos ve\u00edculos de passageiros, [&hellip;]<\/p>\n","protected":false},"author":1,"featured_media":0,"parent":927,"menu_order":0,"comment_status":"closed","ping_status":"closed","template":"","meta":{"_joinchat":[],"footnotes":""},"class_list":["post-940","page","type-page","status-publish","hentry"],"_links":{"self":[{"href":"https:\/\/fwperformance.com.br\/kn\/wp-json\/wp\/v2\/pages\/940","targetHints":{"allow":["GET"]}}],"collection":[{"href":"https:\/\/fwperformance.com.br\/kn\/wp-json\/wp\/v2\/pages"}],"about":[{"href":"https:\/\/fwperformance.com.br\/kn\/wp-json\/wp\/v2\/types\/page"}],"author":[{"embeddable":true,"href":"https:\/\/fwperformance.com.br\/kn\/wp-json\/wp\/v2\/users\/1"}],"replies":[{"embeddable":true,"href":"https:\/\/fwperformance.com.br\/kn\/wp-json\/wp\/v2\/comments?post=940"}],"version-history":[{"count":15,"href":"https:\/\/fwperformance.com.br\/kn\/wp-json\/wp\/v2\/pages\/940\/revisions"}],"predecessor-version":[{"id":1120,"href":"https:\/\/fwperformance.com.br\/kn\/wp-json\/wp\/v2\/pages\/940\/revisions\/1120"}],"up":[{"embeddable":true,"href":"https:\/\/fwperformance.com.br\/kn\/wp-json\/wp\/v2\/pages\/927"}],"wp:attachment":[{"href":"https:\/\/fwperformance.com.br\/kn\/wp-json\/wp\/v2\/media?parent=940"}],"curies":[{"name":"wp","href":"https:\/\/api.w.org\/{rel}","templated":true}]}}