{"id":954,"date":"2016-05-23T17:13:35","date_gmt":"2016-05-23T20:13:35","guid":{"rendered":"http:\/\/bateriasaliant.com.br\/kn\/site\/?page_id=954"},"modified":"2018-03-20T17:23:41","modified_gmt":"2018-03-20T20:23:41","slug":"filtros-de-oleo-premium","status":"publish","type":"page","link":"https:\/\/fwperformance.com.br\/kn\/produtos\/filtros-de-oleo-premium\/","title":{"rendered":"FILTROS DE \u00d3LEO PREMIUM"},"content":{"rendered":"\n<div  data-uk-scrollspy=\"{target:'> div > [data-uk-scrollspy-cls]', delay:300}\">\n\n\n    \n    <div class=\"uk-grid uk-text-left uk-flex-middle\" data-uk-grid-match data-uk-margin=\"{cls:'uk-margin-top'}\">\n\n                <div class=\"uk-width-medium-1-2 uk-text-center uk-invisible\"  data-uk-scrollspy-cls=\"uk-animation-slide-left uk-invisible\">\n            <img decoding=\"async\" src=\"\/kn\/wp-content\/uploads\/kn-produtos-filtro-oleo-2024.jpg\" class=\" uk-overlay-scale\" alt=\"LINHA 1\">        <\/div>\n        \n                <div class=\"uk-width-medium-1-2 uk-invisible\"  data-uk-scrollspy-cls=\"uk-animation-fade uk-invisible\">\n            <div class=\"uk-panel uk-panel-space uk-width-1-1\">\n\n                \n                \n                                <div class=\"uk-margin\"><p>Filtros de \u00f3leo de substitui\u00e7\u00e3o para a maioria dos carros, caminh\u00f5es, motocicletas e quadriciclos.<\/p>\n<ul class=\"uk-list\">\n<li><i class=\"uk-icon-arrow-circle-right\"><\/i> A maioria dos reservat\u00f3rios tem 1 polegada (autom\u00f3vel) ou 17mm (motocicleta) de porca para uma f\u00e1cil remo\u00e7\u00e3o<\/li>\n<li><i class=\"uk-icon-arrow-circle-right\"><\/i> Constru\u00e7\u00e3o de alta resist\u00eancia<\/li>\n<li><i class=\"uk-icon-arrow-circle-right\"><\/i> Taxa de fluxo elevada<\/li>\n<li><i class=\"uk-icon-arrow-circle-right\"><\/i> Excelente filtra\u00e7\u00e3o<\/li>\n<\/ul>\n<\/div>\n                \n                \n                \n            <\/div>\n        <\/div>\n        \n    <\/div>\n\n    \n\n<\/div>\n\n<div class=\"uk-panel uk-panel-box uk-panel-box-secondary uk-margin-large-bottom\">\n<p><strong>FILTROS DE \u00d3LEO PREMIUM K&#038;N<\/strong><\/p>\n<p>Os filtros de \u00f3leo premium da K&#038;N para autom\u00f3vel e motocicleta est\u00e3o, rapidamente, se tornando o produto favorito entre os consumidores pela sua durabilidade e f\u00e1cil remo\u00e7\u00e3o. A maioria dos nossos filtros de \u00f3leo tem uma porca sextavada soldada no topo do reservat\u00f3rio, que pode ser solta com ferramentas comuns.<\/p>\n<p><strong>CONSTRU\u00c7\u00c3O DE ALTA RESIST\u00caNCIA PARA CONDI\u00c7\u00d5ES EXTREMAS<\/strong><\/p>\n<p>Os filtros de \u00f3leo K&#038;N apresentam muitas caracter\u00edsticas que ultrapassam, em muito, as exig\u00eancias da maioria dos ve\u00edculos. Usamos paredes mais espessas no reservat\u00f3rio para obter mais for\u00e7a e durabilidade, isso reduz o risco de danos provocados por pedras soltas e detritos. A constru\u00e7\u00e3o de alta resist\u00eancia \u00e9 capaz de resistir a press\u00f5es de \u00f3leo mais elevadas, encontradas apenas em ambientes de corrida, sem quebrar. O orif\u00edcio perfurado na porca destina-se \u00e0 fixa\u00e7\u00e3o de um fio met\u00e1lico de seguran\u00e7a. Exigido para muitos tipos de corridas, o fio met\u00e1lico de seguran\u00e7a impede que filtros de \u00f3leo furados caiam na pista, representando perigo para os outros ve\u00edculos da competi\u00e7\u00e3o. Esse recurso extra proporciona paz de esp\u00edrito aos consumidores que s\u00f3 querem o melhor.<\/p>\n<p>Compat\u00edvel com os Lubrificantes de Motor Sint\u00e9ticos Mais Recentes os filtros de \u00f3leo K&#038;N s\u00e3o ideais para os lubrificantes de motor sint\u00e9ticos mais avan\u00e7ados. Diz-se que o lubrificante sint\u00e9tico para motores oferece melhor desempenho de fluxo em temperaturas baixas, proporcionando maior prote\u00e7\u00e3o contra a degrada\u00e7\u00e3o t\u00e9rmica.<\/p>\n<\/div>\n<hr \/>\n<p><a href=\"http:\/\/fwperformance.com.br\/kn\/wp-content\/uploads\/catalogo-filtro-oleo-premium.pdf\" class=\"uk-button uk-button-large uk-button-primary\" target=\"_blank\"><i class=\"uk-icon-file-pdf-o\"><\/i> CONFIRA O CAT\u00c1LOGO<\/a><\/p>\n","protected":false},"excerpt":{"rendered":"<p>FILTROS DE \u00d3LEO PREMIUM K&#038;N Os filtros de \u00f3leo premium da K&#038;N para autom\u00f3vel e motocicleta est\u00e3o, rapidamente, se tornando o produto favorito entre os consumidores pela sua durabilidade e f\u00e1cil remo\u00e7\u00e3o. A maioria dos nossos filtros de \u00f3leo tem uma porca sextavada soldada no topo do reservat\u00f3rio, que pode ser solta com ferramentas comuns. [&hellip;]<\/p>\n","protected":false},"author":1,"featured_media":0,"parent":927,"menu_order":0,"comment_status":"closed","ping_status":"closed","template":"","meta":{"_joinchat":[],"footnotes":""},"class_list":["post-954","page","type-page","status-publish","hentry"],"_links":{"self":[{"href":"https:\/\/fwperformance.com.br\/kn\/wp-json\/wp\/v2\/pages\/954","targetHints":{"allow":["GET"]}}],"collection":[{"href":"https:\/\/fwperformance.com.br\/kn\/wp-json\/wp\/v2\/pages"}],"about":[{"href":"https:\/\/fwperformance.com.br\/kn\/wp-json\/wp\/v2\/types\/page"}],"author":[{"embeddable":true,"href":"https:\/\/fwperformance.com.br\/kn\/wp-json\/wp\/v2\/users\/1"}],"replies":[{"embeddable":true,"href":"https:\/\/fwperformance.com.br\/kn\/wp-json\/wp\/v2\/comments?post=954"}],"version-history":[{"count":6,"href":"https:\/\/fwperformance.com.br\/kn\/wp-json\/wp\/v2\/pages\/954\/revisions"}],"predecessor-version":[{"id":1121,"href":"https:\/\/fwperformance.com.br\/kn\/wp-json\/wp\/v2\/pages\/954\/revisions\/1121"}],"up":[{"embeddable":true,"href":"https:\/\/fwperformance.com.br\/kn\/wp-json\/wp\/v2\/pages\/927"}],"wp:attachment":[{"href":"https:\/\/fwperformance.com.br\/kn\/wp-json\/wp\/v2\/media?parent=954"}],"curies":[{"name":"wp","href":"https:\/\/api.w.org\/{rel}","templated":true}]}}