{"id":957,"date":"2016-05-23T17:22:23","date_gmt":"2016-05-23T20:22:23","guid":{"rendered":"http:\/\/bateriasaliant.com.br\/kn\/site\/?page_id=957"},"modified":"2018-03-20T17:23:47","modified_gmt":"2018-03-20T20:23:47","slug":"kits-de-admissao-para-alto-desempenho","status":"publish","type":"page","link":"https:\/\/fwperformance.com.br\/kn\/produtos\/kits-de-admissao-para-alto-desempenho\/","title":{"rendered":"KITS DE ADMISS\u00c3O PARA ALTO DESEMPENHO"},"content":{"rendered":"\n<div  data-uk-scrollspy=\"{target:'> div > [data-uk-scrollspy-cls]', delay:300}\">\n\n\n    \n    <div class=\"uk-grid uk-text-left uk-flex-middle\" data-uk-grid-match data-uk-margin=\"{cls:'uk-margin-top'}\">\n\n                <div class=\"uk-width-medium-1-2 uk-text-center uk-invisible\"  data-uk-scrollspy-cls=\"uk-animation-slide-left uk-invisible\">\n            <img decoding=\"async\" src=\"\/kn\/wp-content\/uploads\/kn-produtos-entrada-ar-2024.jpg\" class=\" uk-overlay-scale\" alt=\"LINHA 1\">        <\/div>\n        \n                <div class=\"uk-width-medium-1-2 uk-invisible\"  data-uk-scrollspy-cls=\"uk-animation-fade uk-invisible\">\n            <div class=\"uk-panel uk-panel-space uk-width-1-1\">\n\n                \n                \n                                <div class=\"uk-margin\"><h3>Aumenta a pot\u00eancia.<\/h3>\n<ul class=\"uk-list\">\n<li><i class=\"uk-icon-arrow-circle-right\"><\/i> Projetado para permitir um fluxo de ar praticamente sem restri\u00e7\u00f5es, para um maior desempenho<\/li>\n<li><i class=\"uk-icon-arrow-circle-right\"><\/i> F\u00e1cil de instalar<\/li>\n<li><i class=\"uk-icon-arrow-circle-right\"><\/i> Taxa de fluxo elevada<\/li>\n<li><i class=\"uk-icon-arrow-circle-right\"><\/i> Excelente filtra\u00e7\u00e3o<\/li>\n<\/ul>\n<\/div>\n                \n                \n                \n            <\/div>\n        <\/div>\n        \n    <\/div>\n\n    \n\n<\/div>\n\n<div class=\"uk-panel uk-panel-box uk-panel-box-secondary uk-margin-large-bottom\">\n<p><strong>SISTEMAS DE ENTRADA DE AR DE ALTO FLUXO DESDE 1992<\/strong><\/p>\n<p>Consideramos que um sistema de entrada de alto desempenho e qualidade \u00e9 um dos melhores investimentos em pot\u00eancia que se pode fazer e, mais uma vez, a K&#038;N \u00e9 l\u00edder. Constru\u00edmos nossa primeira entrada de ar em 1992 e, desde ent\u00e3o, n\u00e3o paramos. Fabricamos atualmente mais de 500 n\u00fameros de pe\u00e7a diferentes e nossa equipe de engenheiros est\u00e1 constantemente projetando, construindo e testando novos sistemas.<\/p>\n<p><strong>SISTEMAS DE ENTRADA DE AR K&#038;N<\/strong><\/p>\n<p>Nossos sistemas de entrada de ar s\u00e3o constru\u00eddos para obter a m\u00e1xima pot\u00eancia. Os sistemas de admiss\u00e3o de ar ou de entrada de ar da K&#038;N substituem completamente o conjunto de fluxo de ar de f\u00e1brica, incluindo o filtro, a caixa de ar e o trajeto de ar. Os sistemas de entrada da K&#038;N foram projetados para reduzir drasticamente a restri\u00e7\u00e3o \u00e0 entrada de ar, pois suavizam e retificam o fluxo de ar. Isso permite que o motor do ve\u00edculo aspire uma quantidade de ar maior do que a conseguida pelo conjunto de filtro de ar original de f\u00e1brica. Mais ar significa mais pot\u00eancia utiliz\u00e1vel e maior acelera\u00e7\u00e3o ao longo do intervalo de rota\u00e7\u00f5es do motor. Os filtros de alto fluxo utilizados com esses kits s\u00e3o lav\u00e1veis e reutiliz\u00e1veis.<\/p>\n<p><strong>F\u00c1CIL DE INSTALAR<\/strong><\/p>\n<p>Os sistemas de entrada de ar da K&#038;N s\u00e3o extremamente f\u00e1ceis de instalar. Uma instala\u00e7\u00e3o t\u00edpica pode ser feita com uma chave de fendas, alicate e conjunto de catracas em 90 minutos ou menos! Fabricamos nossos kits de forma que seja poss\u00edvel usar os orif\u00edcios e pontos de montagem existentes de f\u00e1brica, tornando a instala\u00e7\u00e3o mais simples. A grande maioria das nossas entradas de ar n\u00e3o requer qualquer corte ou perfura\u00e7\u00e3o.<\/p>\n<\/div>\n<hr \/>\n<p><a href=\"http:\/\/fwperformance.com.br\/kn\/wp-content\/uploads\/catalogo-entrada-ar.pdf\" class=\"uk-button uk-button-large uk-button-primary\" target=\"_blank\"><i class=\"uk-icon-file-pdf-o\"><\/i> CONFIRA O CAT\u00c1LOGO<\/a><\/p>\n","protected":false},"excerpt":{"rendered":"<p>SISTEMAS DE ENTRADA DE AR DE ALTO FLUXO DESDE 1992 Consideramos que um sistema de entrada de alto desempenho e qualidade \u00e9 um dos melhores investimentos em pot\u00eancia que se pode fazer e, mais uma vez, a K&#038;N \u00e9 l\u00edder. Constru\u00edmos nossa primeira entrada de ar em 1992 e, desde ent\u00e3o, n\u00e3o paramos. Fabricamos atualmente [&hellip;]<\/p>\n","protected":false},"author":1,"featured_media":0,"parent":927,"menu_order":0,"comment_status":"closed","ping_status":"closed","template":"","meta":{"_joinchat":[],"footnotes":""},"class_list":["post-957","page","type-page","status-publish","hentry"],"_links":{"self":[{"href":"https:\/\/fwperformance.com.br\/kn\/wp-json\/wp\/v2\/pages\/957","targetHints":{"allow":["GET"]}}],"collection":[{"href":"https:\/\/fwperformance.com.br\/kn\/wp-json\/wp\/v2\/pages"}],"about":[{"href":"https:\/\/fwperformance.com.br\/kn\/wp-json\/wp\/v2\/types\/page"}],"author":[{"embeddable":true,"href":"https:\/\/fwperformance.com.br\/kn\/wp-json\/wp\/v2\/users\/1"}],"replies":[{"embeddable":true,"href":"https:\/\/fwperformance.com.br\/kn\/wp-json\/wp\/v2\/comments?post=957"}],"version-history":[{"count":5,"href":"https:\/\/fwperformance.com.br\/kn\/wp-json\/wp\/v2\/pages\/957\/revisions"}],"predecessor-version":[{"id":1122,"href":"https:\/\/fwperformance.com.br\/kn\/wp-json\/wp\/v2\/pages\/957\/revisions\/1122"}],"up":[{"embeddable":true,"href":"https:\/\/fwperformance.com.br\/kn\/wp-json\/wp\/v2\/pages\/927"}],"wp:attachment":[{"href":"https:\/\/fwperformance.com.br\/kn\/wp-json\/wp\/v2\/media?parent=957"}],"curies":[{"name":"wp","href":"https:\/\/api.w.org\/{rel}","templated":true}]}}